{"id":58,"date":"2018-04-15T18:34:48","date_gmt":"2018-04-15T17:34:48","guid":{"rendered":"https:\/\/alonsosacristanabogado.com\/?page_id=58"},"modified":"2020-03-21T12:43:51","modified_gmt":"2020-03-21T12:43:51","slug":"contratos-y-arrendamientos","status":"publish","type":"page","link":"https:\/\/alonsosacristanabogado.com\/index.php\/contratos-y-arrendamientos\/","title":{"rendered":"CONTRATOS Y ARRENDAMIENTOS"},"content":{"rendered":"<h3><strong>Contratos y Arrendamientos<\/strong><\/h3>\n<h4>El encarecimiento del precio de la vivienda, hace que una parte muy importante de la poblaci\u00f3n, opte por alquilar una vivienda, siendo muy importante el asesoramiento por aut\u00e9nticos especialistas.<\/h4>\n<h4>Este Despacho cuenta con especialistas muy experimentados que asesoran en la redacci\u00f3n de los contratos y en la defensa en caso de impago de la renta (desahucio), asi como un <a href=\"https:\/\/alonsosacristanabogado.com\/index.php\/agencia-inmobiliaria-propia\/\">departamento inmobiliario propio Inmoalonsosacristan<\/a>, el cual le asesorar\u00e1 y buscar\u00e1 lo que mas se adecue a sus circunstancias personales.<\/h4>\n","protected":false},"excerpt":{"rendered":"<p>Contratos y Arrendamientos El encarecimiento del precio de la vivienda, hace que una parte muy importante de la poblaci\u00f3n, opte por alquilar una vivienda, siendo muy importante el asesoramiento por aut\u00e9nticos especialistas. Este Despacho cuenta con especialistas muy experimentados que asesoran en la redacci\u00f3n de los contratos y en la defensa en caso de impago [&hellip;]<\/p>\n","protected":false},"author":1,"featured_media":0,"parent":0,"menu_order":0,"comment_status":"open","ping_status":"open","template":"","meta":{"_exactmetrics_skip_tracking":false,"_exactmetrics_sitenote_active":false,"_exactmetrics_sitenote_note":"","_exactmetrics_sitenote_category":0,"footnotes":""},"class_list":["post-58","page","type-page","status-publish","hentry"],"wppr_data":[],"yoast_head":"<!-- This site is optimized with the Yoast SEO plugin v24.0 - https:\/\/yoast.com\/wordpress\/plugins\/seo\/ -->\n<title>CONTRATOS Y ARRENDAMIENTOS - Alonso Sacristan<\/title>\n<meta name=\"robots\" content=\"index, follow, max-snippet:-1, max-image-preview:large, max-video-preview:-1\" \/>\n<link rel=\"canonical\" href=\"https:\/\/alonsosacristanabogado.com\/index.php\/contratos-y-arrendamientos\/\" \/>\n<meta property=\"og:locale\" content=\"es_ES\" \/>\n<meta property=\"og:type\" content=\"article\" \/>\n<meta property=\"og:title\" content=\"CONTRATOS Y ARRENDAMIENTOS - Alonso Sacristan\" \/>\n<meta property=\"og:description\" content=\"Contratos y Arrendamientos El encarecimiento del precio de la vivienda, hace que una parte muy importante de la poblaci\u00f3n, opte por alquilar una vivienda, siendo muy importante el asesoramiento por aut\u00e9nticos especialistas. Este Despacho cuenta con especialistas muy experimentados que asesoran en la redacci\u00f3n de los contratos y en la defensa en caso de impago [&hellip;]\" \/>\n<meta property=\"og:url\" content=\"https:\/\/alonsosacristanabogado.com\/index.php\/contratos-y-arrendamientos\/\" \/>\n<meta property=\"og:site_name\" content=\"Alonso Sacristan\" \/>\n<meta property=\"article:modified_time\" content=\"2020-03-21T12:43:51+00:00\" \/>\n<meta name=\"twitter:card\" content=\"summary_large_image\" \/>\n<script type=\"application\/ld+json\" class=\"yoast-schema-graph\">{\"@context\":\"https:\/\/schema.org\",\"@graph\":[{\"@type\":\"WebPage\",\"@id\":\"https:\/\/alonsosacristanabogado.com\/index.php\/contratos-y-arrendamientos\/\",\"url\":\"https:\/\/alonsosacristanabogado.com\/index.php\/contratos-y-arrendamientos\/\",\"name\":\"CONTRATOS Y ARRENDAMIENTOS - Alonso Sacristan\",\"isPartOf\":{\"@id\":\"https:\/\/alonsosacristanabogado.com\/#website\"},\"datePublished\":\"2018-04-15T17:34:48+00:00\",\"dateModified\":\"2020-03-21T12:43:51+00:00\",\"breadcrumb\":{\"@id\":\"https:\/\/alonsosacristanabogado.com\/index.php\/contratos-y-arrendamientos\/#breadcrumb\"},\"inLanguage\":\"es\",\"potentialAction\":[{\"@type\":\"ReadAction\",\"target\":[\"https:\/\/alonsosacristanabogado.com\/index.php\/contratos-y-arrendamientos\/\"]}]},{\"@type\":\"BreadcrumbList\",\"@id\":\"https:\/\/alonsosacristanabogado.com\/index.php\/contratos-y-arrendamientos\/#breadcrumb\",\"itemListElement\":[{\"@type\":\"ListItem\",\"position\":1,\"name\":\"Portada\",\"item\":\"https:\/\/alonsosacristanabogado.com\/\"},{\"@type\":\"ListItem\",\"position\":2,\"name\":\"CONTRATOS Y ARRENDAMIENTOS\"}]},{\"@type\":\"WebSite\",\"@id\":\"https:\/\/alonsosacristanabogado.com\/#website\",\"url\":\"https:\/\/alonsosacristanabogado.com\/\",\"name\":\"Alonso Sacristan\",\"description\":\"Abogados\",\"potentialAction\":[{\"@type\":\"SearchAction\",\"target\":{\"@type\":\"EntryPoint\",\"urlTemplate\":\"https:\/\/alonsosacristanabogado.com\/?s={search_term_string}\"},\"query-input\":{\"@type\":\"PropertyValueSpecification\",\"valueRequired\":true,\"valueName\":\"search_term_string\"}}],\"inLanguage\":\"es\"}]}<\/script>\n<!-- \/ Yoast SEO plugin. -->","yoast_head_json":{"title":"CONTRATOS Y ARRENDAMIENTOS - Alonso Sacristan","robots":{"index":"index","follow":"follow","max-snippet":"max-snippet:-1","max-image-preview":"max-image-preview:large","max-video-preview":"max-video-preview:-1"},"canonical":"https:\/\/alonsosacristanabogado.com\/index.php\/contratos-y-arrendamientos\/","og_locale":"es_ES","og_type":"article","og_title":"CONTRATOS Y ARRENDAMIENTOS - Alonso Sacristan","og_description":"Contratos y Arrendamientos El encarecimiento del precio de la vivienda, hace que una parte muy importante de la poblaci\u00f3n, opte por alquilar una vivienda, siendo muy importante el asesoramiento por aut\u00e9nticos especialistas. Este Despacho cuenta con especialistas muy experimentados que asesoran en la redacci\u00f3n de los contratos y en la defensa en caso de impago [&hellip;]","og_url":"https:\/\/alonsosacristanabogado.com\/index.php\/contratos-y-arrendamientos\/","og_site_name":"Alonso Sacristan","article_modified_time":"2020-03-21T12:43:51+00:00","twitter_card":"summary_large_image","schema":{"@context":"https:\/\/schema.org","@graph":[{"@type":"WebPage","@id":"https:\/\/alonsosacristanabogado.com\/index.php\/contratos-y-arrendamientos\/","url":"https:\/\/alonsosacristanabogado.com\/index.php\/contratos-y-arrendamientos\/","name":"CONTRATOS Y ARRENDAMIENTOS - Alonso Sacristan","isPartOf":{"@id":"https:\/\/alonsosacristanabogado.com\/#website"},"datePublished":"2018-04-15T17:34:48+00:00","dateModified":"2020-03-21T12:43:51+00:00","breadcrumb":{"@id":"https:\/\/alonsosacristanabogado.com\/index.php\/contratos-y-arrendamientos\/#breadcrumb"},"inLanguage":"es","potentialAction":[{"@type":"ReadAction","target":["https:\/\/alonsosacristanabogado.com\/index.php\/contratos-y-arrendamientos\/"]}]},{"@type":"BreadcrumbList","@id":"https:\/\/alonsosacristanabogado.com\/index.php\/contratos-y-arrendamientos\/#breadcrumb","itemListElement":[{"@type":"ListItem","position":1,"name":"Portada","item":"https:\/\/alonsosacristanabogado.com\/"},{"@type":"ListItem","position":2,"name":"CONTRATOS Y ARRENDAMIENTOS"}]},{"@type":"WebSite","@id":"https:\/\/alonsosacristanabogado.com\/#website","url":"https:\/\/alonsosacristanabogado.com\/","name":"Alonso Sacristan","description":"Abogados","potentialAction":[{"@type":"SearchAction","target":{"@type":"EntryPoint","urlTemplate":"https:\/\/alonsosacristanabogado.com\/?s={search_term_string}"},"query-input":{"@type":"PropertyValueSpecification","valueRequired":true,"valueName":"search_term_string"}}],"inLanguage":"es"}]}},"_links":{"self":[{"href":"https:\/\/alonsosacristanabogado.com\/index.php\/wp-json\/wp\/v2\/pages\/58","targetHints":{"allow":["GET"]}}],"collection":[{"href":"https:\/\/alonsosacristanabogado.com\/index.php\/wp-json\/wp\/v2\/pages"}],"about":[{"href":"https:\/\/alonsosacristanabogado.com\/index.php\/wp-json\/wp\/v2\/types\/page"}],"author":[{"embeddable":true,"href":"https:\/\/alonsosacristanabogado.com\/index.php\/wp-json\/wp\/v2\/users\/1"}],"replies":[{"embeddable":true,"href":"https:\/\/alonsosacristanabogado.com\/index.php\/wp-json\/wp\/v2\/comments?post=58"}],"version-history":[{"count":5,"href":"https:\/\/alonsosacristanabogado.com\/index.php\/wp-json\/wp\/v2\/pages\/58\/revisions"}],"predecessor-version":[{"id":309,"href":"https:\/\/alonsosacristanabogado.com\/index.php\/wp-json\/wp\/v2\/pages\/58\/revisions\/309"}],"wp:attachment":[{"href":"https:\/\/alonsosacristanabogado.com\/index.php\/wp-json\/wp\/v2\/media?parent=58"}],"curies":[{"name":"wp","href":"https:\/\/api.w.org\/{rel}","templated":true}]}}