{"id":55,"date":"2018-04-15T18:34:17","date_gmt":"2018-04-15T17:34:17","guid":{"rendered":"https:\/\/alonsosacristanabogado.com\/?page_id=55"},"modified":"2018-04-23T16:33:59","modified_gmt":"2018-04-23T16:33:59","slug":"accidentes-de-circulacion","status":"publish","type":"page","link":"https:\/\/alonsosacristanabogado.com\/index.php\/accidentes-de-circulacion\/","title":{"rendered":"ACCIDENTES DE CIRCULACION"},"content":{"rendered":"<h4><strong>Accidentes de Tr\u00e1fico<\/strong><\/h4>\n<p><img loading=\"lazy\" decoding=\"async\" class=\"alignnone wp-image-236 size-full\" src=\"https:\/\/alonsosacristanabogado.com\/wp-content\/uploads\/2018\/04\/anticipo-indemnizacion-accidente-trafico.jpg\" alt=\"\" width=\"530\" height=\"259\" srcset=\"https:\/\/alonsosacristanabogado.com\/wp-content\/uploads\/2018\/04\/anticipo-indemnizacion-accidente-trafico.jpg 530w, https:\/\/alonsosacristanabogado.com\/wp-content\/uploads\/2018\/04\/anticipo-indemnizacion-accidente-trafico-300x147.jpg 300w\" sizes=\"auto, (max-width: 530px) 100vw, 530px\" \/><\/p>\n<h4>Uno de los aspectos m\u00e1s importantes en la actividad de este\u00a0<strong>Despacho de abogados<\/strong>, cubriendo todos los aspectos que suelen darse en los\u00a0<strong>accidentes de tr\u00e1fico<\/strong>, tanto ejerciendo las acciones penales como las civiles correspondientes. Siendo muy importante la rapidez en la valoraci\u00f3n de los da\u00f1os acaecidos como consecuencia de un\u00a0<strong>accidente de tr\u00e1fico<\/strong>\u00a0en el que juega un papel muy importante la intervenci\u00f3n del M\u00e9dico Especialista en Valoraci\u00f3n del Da\u00f1o Personal, al objeto de valoraci\u00f3n del da\u00f1o personal sufrido.<\/h4>\n<h4>Las reclamaciones en este \u00e1mbito cubren el ejercicio de la Defensa Jur\u00eddica que suele tener contratado el Asegurado, as\u00ed como la reclamaci\u00f3n del Seguro de Accidente que se contrata conjuntamente al de la Responsabilidad Civil. La intervenci\u00f3n cubre igualmente la reclamaci\u00f3n que pudiera plantearse contra el Consorcio de Compensaci\u00f3n de Seguros, en caso de quien ocasione el accidente no tenga seguro que cubra la Responsabilidad Civil.<\/h4>\n<h4>Por \u00faltimo hemos de indicar que es muy importante interponer cuanto antes la reclamaci\u00f3n por el accidente de tr\u00e1fico, dado que existen plazos para reclamar: 6 meses en v\u00eda penal desde que ocurre el accidente y 1 a\u00f1o en v\u00eda civil desde que se consolida las lesiones. Normalmente suele interesar la reclamaci\u00f3n en v\u00eda penal, dado que en este caso interviene, al objeto de valorar el da\u00f1o personal, los m\u00e9dicos forenses del Juzgado competente para conocer el accidente (que es el del lugar donde acaeci\u00f3).<\/h4>\n<h4>Los diferentes profesionales que intervienen en la defensa del accidentado vienen en calcular sin apenas margen de error el importe de la indemnizaci\u00f3n que puede corresponder.<\/h4>\n","protected":false},"excerpt":{"rendered":"<p>Accidentes de Tr\u00e1fico Uno de los aspectos m\u00e1s importantes en la actividad de este\u00a0Despacho de abogados, cubriendo todos los aspectos que suelen darse en los\u00a0accidentes de tr\u00e1fico, tanto ejerciendo las acciones penales como las civiles correspondientes. Siendo muy importante la rapidez en la valoraci\u00f3n de los da\u00f1os acaecidos como consecuencia de un\u00a0accidente de tr\u00e1fico\u00a0en el [&hellip;]<\/p>\n","protected":false},"author":1,"featured_media":0,"parent":0,"menu_order":0,"comment_status":"open","ping_status":"open","template":"","meta":{"_exactmetrics_skip_tracking":false,"_exactmetrics_sitenote_active":false,"_exactmetrics_sitenote_note":"","_exactmetrics_sitenote_category":0,"footnotes":""},"class_list":["post-55","page","type-page","status-publish","hentry"],"wppr_data":[],"yoast_head":"<!-- This site is optimized with the Yoast SEO plugin v24.0 - https:\/\/yoast.com\/wordpress\/plugins\/seo\/ -->\n<title>ACCIDENTES DE CIRCULACION - Alonso Sacristan<\/title>\n<meta name=\"robots\" content=\"index, follow, max-snippet:-1, max-image-preview:large, max-video-preview:-1\" \/>\n<link rel=\"canonical\" href=\"https:\/\/alonsosacristanabogado.com\/index.php\/accidentes-de-circulacion\/\" \/>\n<meta property=\"og:locale\" content=\"es_ES\" \/>\n<meta property=\"og:type\" content=\"article\" \/>\n<meta property=\"og:title\" content=\"ACCIDENTES DE CIRCULACION - Alonso Sacristan\" \/>\n<meta property=\"og:description\" content=\"Accidentes de Tr\u00e1fico Uno de los aspectos m\u00e1s importantes en la actividad de este\u00a0Despacho de abogados, cubriendo todos los aspectos que suelen darse en los\u00a0accidentes de tr\u00e1fico, tanto ejerciendo las acciones penales como las civiles correspondientes. Siendo muy importante la rapidez en la valoraci\u00f3n de los da\u00f1os acaecidos como consecuencia de un\u00a0accidente de tr\u00e1fico\u00a0en el [&hellip;]\" \/>\n<meta property=\"og:url\" content=\"https:\/\/alonsosacristanabogado.com\/index.php\/accidentes-de-circulacion\/\" \/>\n<meta property=\"og:site_name\" content=\"Alonso Sacristan\" \/>\n<meta property=\"article:modified_time\" content=\"2018-04-23T16:33:59+00:00\" \/>\n<meta property=\"og:image\" content=\"https:\/\/alonsosacristanabogado.com\/wp-content\/uploads\/2018\/04\/anticipo-indemnizacion-accidente-trafico.jpg\" \/>\n<meta name=\"twitter:card\" content=\"summary_large_image\" \/>\n<meta name=\"twitter:label1\" content=\"Tiempo de lectura\" \/>\n\t<meta name=\"twitter:data1\" content=\"1 minuto\" \/>\n<script type=\"application\/ld+json\" class=\"yoast-schema-graph\">{\"@context\":\"https:\/\/schema.org\",\"@graph\":[{\"@type\":\"WebPage\",\"@id\":\"https:\/\/alonsosacristanabogado.com\/index.php\/accidentes-de-circulacion\/\",\"url\":\"https:\/\/alonsosacristanabogado.com\/index.php\/accidentes-de-circulacion\/\",\"name\":\"ACCIDENTES DE CIRCULACION - Alonso Sacristan\",\"isPartOf\":{\"@id\":\"https:\/\/alonsosacristanabogado.com\/#website\"},\"primaryImageOfPage\":{\"@id\":\"https:\/\/alonsosacristanabogado.com\/index.php\/accidentes-de-circulacion\/#primaryimage\"},\"image\":{\"@id\":\"https:\/\/alonsosacristanabogado.com\/index.php\/accidentes-de-circulacion\/#primaryimage\"},\"thumbnailUrl\":\"https:\/\/alonsosacristanabogado.com\/wp-content\/uploads\/2018\/04\/anticipo-indemnizacion-accidente-trafico.jpg\",\"datePublished\":\"2018-04-15T17:34:17+00:00\",\"dateModified\":\"2018-04-23T16:33:59+00:00\",\"breadcrumb\":{\"@id\":\"https:\/\/alonsosacristanabogado.com\/index.php\/accidentes-de-circulacion\/#breadcrumb\"},\"inLanguage\":\"es\",\"potentialAction\":[{\"@type\":\"ReadAction\",\"target\":[\"https:\/\/alonsosacristanabogado.com\/index.php\/accidentes-de-circulacion\/\"]}]},{\"@type\":\"ImageObject\",\"inLanguage\":\"es\",\"@id\":\"https:\/\/alonsosacristanabogado.com\/index.php\/accidentes-de-circulacion\/#primaryimage\",\"url\":\"https:\/\/alonsosacristanabogado.com\/wp-content\/uploads\/2018\/04\/anticipo-indemnizacion-accidente-trafico.jpg\",\"contentUrl\":\"https:\/\/alonsosacristanabogado.com\/wp-content\/uploads\/2018\/04\/anticipo-indemnizacion-accidente-trafico.jpg\",\"width\":530,\"height\":259},{\"@type\":\"BreadcrumbList\",\"@id\":\"https:\/\/alonsosacristanabogado.com\/index.php\/accidentes-de-circulacion\/#breadcrumb\",\"itemListElement\":[{\"@type\":\"ListItem\",\"position\":1,\"name\":\"Portada\",\"item\":\"https:\/\/alonsosacristanabogado.com\/\"},{\"@type\":\"ListItem\",\"position\":2,\"name\":\"ACCIDENTES DE CIRCULACION\"}]},{\"@type\":\"WebSite\",\"@id\":\"https:\/\/alonsosacristanabogado.com\/#website\",\"url\":\"https:\/\/alonsosacristanabogado.com\/\",\"name\":\"Alonso Sacristan\",\"description\":\"Abogados\",\"potentialAction\":[{\"@type\":\"SearchAction\",\"target\":{\"@type\":\"EntryPoint\",\"urlTemplate\":\"https:\/\/alonsosacristanabogado.com\/?s={search_term_string}\"},\"query-input\":{\"@type\":\"PropertyValueSpecification\",\"valueRequired\":true,\"valueName\":\"search_term_string\"}}],\"inLanguage\":\"es\"}]}<\/script>\n<!-- \/ Yoast SEO plugin. -->","yoast_head_json":{"title":"ACCIDENTES DE CIRCULACION - Alonso Sacristan","robots":{"index":"index","follow":"follow","max-snippet":"max-snippet:-1","max-image-preview":"max-image-preview:large","max-video-preview":"max-video-preview:-1"},"canonical":"https:\/\/alonsosacristanabogado.com\/index.php\/accidentes-de-circulacion\/","og_locale":"es_ES","og_type":"article","og_title":"ACCIDENTES DE CIRCULACION - Alonso Sacristan","og_description":"Accidentes de Tr\u00e1fico Uno de los aspectos m\u00e1s importantes en la actividad de este\u00a0Despacho de abogados, cubriendo todos los aspectos que suelen darse en los\u00a0accidentes de tr\u00e1fico, tanto ejerciendo las acciones penales como las civiles correspondientes. Siendo muy importante la rapidez en la valoraci\u00f3n de los da\u00f1os acaecidos como consecuencia de un\u00a0accidente de tr\u00e1fico\u00a0en el [&hellip;]","og_url":"https:\/\/alonsosacristanabogado.com\/index.php\/accidentes-de-circulacion\/","og_site_name":"Alonso Sacristan","article_modified_time":"2018-04-23T16:33:59+00:00","og_image":[{"url":"https:\/\/alonsosacristanabogado.com\/wp-content\/uploads\/2018\/04\/anticipo-indemnizacion-accidente-trafico.jpg","type":"","width":"","height":""}],"twitter_card":"summary_large_image","twitter_misc":{"Tiempo de lectura":"1 minuto"},"schema":{"@context":"https:\/\/schema.org","@graph":[{"@type":"WebPage","@id":"https:\/\/alonsosacristanabogado.com\/index.php\/accidentes-de-circulacion\/","url":"https:\/\/alonsosacristanabogado.com\/index.php\/accidentes-de-circulacion\/","name":"ACCIDENTES DE CIRCULACION - Alonso Sacristan","isPartOf":{"@id":"https:\/\/alonsosacristanabogado.com\/#website"},"primaryImageOfPage":{"@id":"https:\/\/alonsosacristanabogado.com\/index.php\/accidentes-de-circulacion\/#primaryimage"},"image":{"@id":"https:\/\/alonsosacristanabogado.com\/index.php\/accidentes-de-circulacion\/#primaryimage"},"thumbnailUrl":"https:\/\/alonsosacristanabogado.com\/wp-content\/uploads\/2018\/04\/anticipo-indemnizacion-accidente-trafico.jpg","datePublished":"2018-04-15T17:34:17+00:00","dateModified":"2018-04-23T16:33:59+00:00","breadcrumb":{"@id":"https:\/\/alonsosacristanabogado.com\/index.php\/accidentes-de-circulacion\/#breadcrumb"},"inLanguage":"es","potentialAction":[{"@type":"ReadAction","target":["https:\/\/alonsosacristanabogado.com\/index.php\/accidentes-de-circulacion\/"]}]},{"@type":"ImageObject","inLanguage":"es","@id":"https:\/\/alonsosacristanabogado.com\/index.php\/accidentes-de-circulacion\/#primaryimage","url":"https:\/\/alonsosacristanabogado.com\/wp-content\/uploads\/2018\/04\/anticipo-indemnizacion-accidente-trafico.jpg","contentUrl":"https:\/\/alonsosacristanabogado.com\/wp-content\/uploads\/2018\/04\/anticipo-indemnizacion-accidente-trafico.jpg","width":530,"height":259},{"@type":"BreadcrumbList","@id":"https:\/\/alonsosacristanabogado.com\/index.php\/accidentes-de-circulacion\/#breadcrumb","itemListElement":[{"@type":"ListItem","position":1,"name":"Portada","item":"https:\/\/alonsosacristanabogado.com\/"},{"@type":"ListItem","position":2,"name":"ACCIDENTES DE CIRCULACION"}]},{"@type":"WebSite","@id":"https:\/\/alonsosacristanabogado.com\/#website","url":"https:\/\/alonsosacristanabogado.com\/","name":"Alonso Sacristan","description":"Abogados","potentialAction":[{"@type":"SearchAction","target":{"@type":"EntryPoint","urlTemplate":"https:\/\/alonsosacristanabogado.com\/?s={search_term_string}"},"query-input":{"@type":"PropertyValueSpecification","valueRequired":true,"valueName":"search_term_string"}}],"inLanguage":"es"}]}},"_links":{"self":[{"href":"https:\/\/alonsosacristanabogado.com\/index.php\/wp-json\/wp\/v2\/pages\/55","targetHints":{"allow":["GET"]}}],"collection":[{"href":"https:\/\/alonsosacristanabogado.com\/index.php\/wp-json\/wp\/v2\/pages"}],"about":[{"href":"https:\/\/alonsosacristanabogado.com\/index.php\/wp-json\/wp\/v2\/types\/page"}],"author":[{"embeddable":true,"href":"https:\/\/alonsosacristanabogado.com\/index.php\/wp-json\/wp\/v2\/users\/1"}],"replies":[{"embeddable":true,"href":"https:\/\/alonsosacristanabogado.com\/index.php\/wp-json\/wp\/v2\/comments?post=55"}],"version-history":[{"count":7,"href":"https:\/\/alonsosacristanabogado.com\/index.php\/wp-json\/wp\/v2\/pages\/55\/revisions"}],"predecessor-version":[{"id":331,"href":"https:\/\/alonsosacristanabogado.com\/index.php\/wp-json\/wp\/v2\/pages\/55\/revisions\/331"}],"wp:attachment":[{"href":"https:\/\/alonsosacristanabogado.com\/index.php\/wp-json\/wp\/v2\/media?parent=55"}],"curies":[{"name":"wp","href":"https:\/\/api.w.org\/{rel}","templated":true}]}}