{"id":53,"date":"2018-04-15T18:34:06","date_gmt":"2018-04-15T18:34:06","guid":{"rendered":"https:\/\/alonsosacristanabogado.com\/?page_id=53"},"modified":"2020-03-21T13:07:31","modified_gmt":"2020-03-21T13:07:31","slug":"tramitacion-de-herencias","status":"publish","type":"page","link":"https:\/\/alonsosacristanabogado.com\/index.php\/tramitacion-de-herencias\/","title":{"rendered":"HERENCIAS"},"content":{"rendered":"<h3><strong>Herencias, Testamentos, Leg\u00edtimas y Legados:<\/strong><\/h3>\n<h4>En Derecho, se denomina\u00a0<strong>Herencia<\/strong>\u00a0al acto jur\u00eddico mediante el cual una persona que fallece transmite sus bienes, derechos y obligaciones a otra u otras personas, que se denominan\u00a0<strong>herederos<\/strong>.<\/h4>\n<h4>Nuestro derecho (C\u00f3digo Civil, si bien en nuestro territorio nacional tenemos diferentes derechos forales) dispone qu\u00e9 parte de la herencia no puede ser dispuesta libremente, al venir reservada a determinadas personas con las que mantenemos v\u00ednculo familiar (<strong>hijos, c\u00f3nyuges, padres<\/strong>) y que se denomina leg\u00edtima. Dentro de \u00e9sta podemos diferenciar la<strong>\u00a0leg\u00edtima estricta<\/strong>\u00a0y la de\u00a0<strong>mejora<\/strong>\u00a0(un tercio cada una del caudal hereditario). A \u00e9stas hemos de a\u00f1adir el \u00faltimo tercio de libre disposici\u00f3n y del que podemos disponer libremente.<\/h4>\n<h4>No olvide que si no<strong>\u00a0otorga testamento<\/strong>\u00a0(<strong>Ab Intestato<\/strong>) ser\u00e1n nombrados herederos seg\u00fan el orden establecido en el<strong>\u00a0C\u00f3digo Civil<\/strong>, por lo que si usted quiere cambiar dicho orden o reparto deber\u00e1 comparecer ante\u00a0<strong>Notario<\/strong>\u00a0a dicho fin, siendo recomendable el asesoramiento por un abogado\/a.<\/h4>\n<h4>Tras el fallecimiento debe pedirse el certificado de \u00faltima voluntad en el registro correspondiente, acompa\u00f1ado del certificado de defunci\u00f3n, al objeto de conocer si se otorg\u00f3 testamento, donde, cuando y el \u00faltimo otorgado.<\/h4>\n<h4>Cabe la posibilidad de impugnar el testamento por las causas legales establecidas o porque perjudique sus derechos.<\/h4>\n","protected":false},"excerpt":{"rendered":"<p>Herencias, Testamentos, Leg\u00edtimas y Legados: En Derecho, se denomina\u00a0Herencia\u00a0al acto jur\u00eddico mediante el cual una persona que fallece transmite sus bienes, derechos y obligaciones a otra u otras personas, que se denominan\u00a0herederos. Nuestro derecho (C\u00f3digo Civil, si bien en nuestro territorio nacional tenemos diferentes derechos forales) dispone qu\u00e9 parte de la herencia no puede ser [&hellip;]<\/p>\n","protected":false},"author":1,"featured_media":0,"parent":0,"menu_order":0,"comment_status":"open","ping_status":"closed","template":"","meta":{"_exactmetrics_skip_tracking":false,"_exactmetrics_sitenote_active":false,"_exactmetrics_sitenote_note":"","_exactmetrics_sitenote_category":0,"footnotes":""},"class_list":["post-53","page","type-page","status-publish","hentry"],"wppr_data":[],"yoast_head":"<!-- This site is optimized with the Yoast SEO plugin v24.0 - https:\/\/yoast.com\/wordpress\/plugins\/seo\/ -->\n<title>HERENCIAS - Alonso Sacristan<\/title>\n<meta name=\"robots\" content=\"index, follow, max-snippet:-1, max-image-preview:large, max-video-preview:-1\" \/>\n<link rel=\"canonical\" href=\"https:\/\/alonsosacristanabogado.com\/index.php\/tramitacion-de-herencias\/\" \/>\n<meta property=\"og:locale\" content=\"es_ES\" \/>\n<meta property=\"og:type\" content=\"article\" \/>\n<meta property=\"og:title\" content=\"HERENCIAS - Alonso Sacristan\" \/>\n<meta property=\"og:description\" content=\"Herencias, Testamentos, Leg\u00edtimas y Legados: En Derecho, se denomina\u00a0Herencia\u00a0al acto jur\u00eddico mediante el cual una persona que fallece transmite sus bienes, derechos y obligaciones a otra u otras personas, que se denominan\u00a0herederos. Nuestro derecho (C\u00f3digo Civil, si bien en nuestro territorio nacional tenemos diferentes derechos forales) dispone qu\u00e9 parte de la herencia no puede ser [&hellip;]\" \/>\n<meta property=\"og:url\" content=\"https:\/\/alonsosacristanabogado.com\/index.php\/tramitacion-de-herencias\/\" \/>\n<meta property=\"og:site_name\" content=\"Alonso Sacristan\" \/>\n<meta property=\"article:modified_time\" content=\"2020-03-21T13:07:31+00:00\" \/>\n<meta name=\"twitter:card\" content=\"summary_large_image\" \/>\n<meta name=\"twitter:label1\" content=\"Tiempo de lectura\" \/>\n\t<meta name=\"twitter:data1\" content=\"1 minuto\" \/>\n<script type=\"application\/ld+json\" class=\"yoast-schema-graph\">{\"@context\":\"https:\/\/schema.org\",\"@graph\":[{\"@type\":\"WebPage\",\"@id\":\"https:\/\/alonsosacristanabogado.com\/index.php\/tramitacion-de-herencias\/\",\"url\":\"https:\/\/alonsosacristanabogado.com\/index.php\/tramitacion-de-herencias\/\",\"name\":\"HERENCIAS - Alonso Sacristan\",\"isPartOf\":{\"@id\":\"https:\/\/alonsosacristanabogado.com\/#website\"},\"datePublished\":\"2018-04-15T18:34:06+00:00\",\"dateModified\":\"2020-03-21T13:07:31+00:00\",\"breadcrumb\":{\"@id\":\"https:\/\/alonsosacristanabogado.com\/index.php\/tramitacion-de-herencias\/#breadcrumb\"},\"inLanguage\":\"es\",\"potentialAction\":[{\"@type\":\"ReadAction\",\"target\":[\"https:\/\/alonsosacristanabogado.com\/index.php\/tramitacion-de-herencias\/\"]}]},{\"@type\":\"BreadcrumbList\",\"@id\":\"https:\/\/alonsosacristanabogado.com\/index.php\/tramitacion-de-herencias\/#breadcrumb\",\"itemListElement\":[{\"@type\":\"ListItem\",\"position\":1,\"name\":\"Portada\",\"item\":\"https:\/\/alonsosacristanabogado.com\/\"},{\"@type\":\"ListItem\",\"position\":2,\"name\":\"HERENCIAS\"}]},{\"@type\":\"WebSite\",\"@id\":\"https:\/\/alonsosacristanabogado.com\/#website\",\"url\":\"https:\/\/alonsosacristanabogado.com\/\",\"name\":\"Alonso Sacristan\",\"description\":\"Abogados\",\"potentialAction\":[{\"@type\":\"SearchAction\",\"target\":{\"@type\":\"EntryPoint\",\"urlTemplate\":\"https:\/\/alonsosacristanabogado.com\/?s={search_term_string}\"},\"query-input\":{\"@type\":\"PropertyValueSpecification\",\"valueRequired\":true,\"valueName\":\"search_term_string\"}}],\"inLanguage\":\"es\"}]}<\/script>\n<!-- \/ Yoast SEO plugin. -->","yoast_head_json":{"title":"HERENCIAS - Alonso Sacristan","robots":{"index":"index","follow":"follow","max-snippet":"max-snippet:-1","max-image-preview":"max-image-preview:large","max-video-preview":"max-video-preview:-1"},"canonical":"https:\/\/alonsosacristanabogado.com\/index.php\/tramitacion-de-herencias\/","og_locale":"es_ES","og_type":"article","og_title":"HERENCIAS - Alonso Sacristan","og_description":"Herencias, Testamentos, Leg\u00edtimas y Legados: En Derecho, se denomina\u00a0Herencia\u00a0al acto jur\u00eddico mediante el cual una persona que fallece transmite sus bienes, derechos y obligaciones a otra u otras personas, que se denominan\u00a0herederos. Nuestro derecho (C\u00f3digo Civil, si bien en nuestro territorio nacional tenemos diferentes derechos forales) dispone qu\u00e9 parte de la herencia no puede ser [&hellip;]","og_url":"https:\/\/alonsosacristanabogado.com\/index.php\/tramitacion-de-herencias\/","og_site_name":"Alonso Sacristan","article_modified_time":"2020-03-21T13:07:31+00:00","twitter_card":"summary_large_image","twitter_misc":{"Tiempo de lectura":"1 minuto"},"schema":{"@context":"https:\/\/schema.org","@graph":[{"@type":"WebPage","@id":"https:\/\/alonsosacristanabogado.com\/index.php\/tramitacion-de-herencias\/","url":"https:\/\/alonsosacristanabogado.com\/index.php\/tramitacion-de-herencias\/","name":"HERENCIAS - Alonso Sacristan","isPartOf":{"@id":"https:\/\/alonsosacristanabogado.com\/#website"},"datePublished":"2018-04-15T18:34:06+00:00","dateModified":"2020-03-21T13:07:31+00:00","breadcrumb":{"@id":"https:\/\/alonsosacristanabogado.com\/index.php\/tramitacion-de-herencias\/#breadcrumb"},"inLanguage":"es","potentialAction":[{"@type":"ReadAction","target":["https:\/\/alonsosacristanabogado.com\/index.php\/tramitacion-de-herencias\/"]}]},{"@type":"BreadcrumbList","@id":"https:\/\/alonsosacristanabogado.com\/index.php\/tramitacion-de-herencias\/#breadcrumb","itemListElement":[{"@type":"ListItem","position":1,"name":"Portada","item":"https:\/\/alonsosacristanabogado.com\/"},{"@type":"ListItem","position":2,"name":"HERENCIAS"}]},{"@type":"WebSite","@id":"https:\/\/alonsosacristanabogado.com\/#website","url":"https:\/\/alonsosacristanabogado.com\/","name":"Alonso Sacristan","description":"Abogados","potentialAction":[{"@type":"SearchAction","target":{"@type":"EntryPoint","urlTemplate":"https:\/\/alonsosacristanabogado.com\/?s={search_term_string}"},"query-input":{"@type":"PropertyValueSpecification","valueRequired":true,"valueName":"search_term_string"}}],"inLanguage":"es"}]}},"_links":{"self":[{"href":"https:\/\/alonsosacristanabogado.com\/index.php\/wp-json\/wp\/v2\/pages\/53","targetHints":{"allow":["GET"]}}],"collection":[{"href":"https:\/\/alonsosacristanabogado.com\/index.php\/wp-json\/wp\/v2\/pages"}],"about":[{"href":"https:\/\/alonsosacristanabogado.com\/index.php\/wp-json\/wp\/v2\/types\/page"}],"author":[{"embeddable":true,"href":"https:\/\/alonsosacristanabogado.com\/index.php\/wp-json\/wp\/v2\/users\/1"}],"replies":[{"embeddable":true,"href":"https:\/\/alonsosacristanabogado.com\/index.php\/wp-json\/wp\/v2\/comments?post=53"}],"version-history":[{"count":2,"href":"https:\/\/alonsosacristanabogado.com\/index.php\/wp-json\/wp\/v2\/pages\/53\/revisions"}],"predecessor-version":[{"id":315,"href":"https:\/\/alonsosacristanabogado.com\/index.php\/wp-json\/wp\/v2\/pages\/53\/revisions\/315"}],"wp:attachment":[{"href":"https:\/\/alonsosacristanabogado.com\/index.php\/wp-json\/wp\/v2\/media?parent=53"}],"curies":[{"name":"wp","href":"https:\/\/api.w.org\/{rel}","templated":true}]}}