{"id":47,"date":"2018-04-15T18:33:07","date_gmt":"2018-04-15T17:33:07","guid":{"rendered":"https:\/\/alonsosacristanabogado.com\/?page_id=47"},"modified":"2020-03-21T11:55:37","modified_gmt":"2020-03-21T11:55:37","slug":"divorcio-express","status":"publish","type":"page","link":"https:\/\/alonsosacristanabogado.com\/index.php\/divorcio-express\/","title":{"rendered":"DIVORCIO EXPRESS"},"content":{"rendered":"<p><strong>Claves del &#8216;divorcio express&#8217;<\/strong><\/p>\n<p>Un divorcio m\u00e1s r\u00e1pido y con menos costes es el objetivo de la reforma del divorcio que aprob\u00f3 ayer el Congreso. Entrar\u00e1 en vigor previsiblemente en julio. La ley que legaliz\u00f3 el divorcio fue aprobada en 1981 y \u00e9sta es su primera reforma. Desde entonces, se han presentado m\u00e1s de mill\u00f3n y medio de demandas de separaci\u00f3n o divorcio. Estas son las claves de la reforma:<\/p>\n<p><strong>Divorcio sin separaci\u00f3n:<\/strong><\/p>\n<ul>\n<li><strong>Ahora:<\/strong>\u00a0Se elimina la necesidad de la separaci\u00f3n previa para pedir el divorcio: las parejas que quieran divorciarse podr\u00e1n hacerlo una vez que hayan transcurrido tres meses desde el d\u00eda en que se casaron, sin tener que haberse separado primero.\n<p>Se pretende agilizar el proceso de disoluci\u00f3n del matrimonio y aliviar la carga de trabajo de los tribunales. La figura de la separaci\u00f3n se mantiene para quien la desee (en ese caso es imposible contraer nuevo matrimonio).<\/li>\n<li><strong>Antes:<\/strong>\u00a0Desde la aprobaci\u00f3n de la Ley del Divorcio en 1981, los matrimonios que quieren divorciarse han de esperar un a\u00f1o desde la celebraci\u00f3n de la boda para pedir primero la separaci\u00f3n y una vez que la han obtenido, iniciar un segundo proceso para conseguir el divorcio.<\/li>\n<\/ul>\n<p><strong>Sin alegar causas para divorciarse:<\/strong><\/p>\n<ul>\n<li><strong>Ahora:<\/strong>\u00a0Suprime las causas para disolver o suspender el matrimonio.<\/li>\n<li><strong>Antes:<\/strong>\u00a0Con la ley vigente, quien desea divorciarse debe alegar motivos en su demanda. El primero es \u00abel cese efectivo de la convivencia conyugal\u00bb durante al menos un a\u00f1o ininterrumpido desde que se present\u00f3 la demanda de separaci\u00f3n, otras son el alcoholismo o la infidelidad.<\/li>\n<\/ul>\n<p><strong>Custodia compartida:<\/strong><\/p>\n<ul>\n<li><strong>Ahora:<\/strong>\u00a0Esta f\u00f3rmula permite que los ni\u00f1os vivan alternativamente con el padre y la madre. Tras varios cambios, se establece que cuando los progenitores acuerden compartir la guarda y custodia, el juez deber\u00e1 concederla tras recabar \u00aben todo caso\u00bb el informe del fiscal, que no ser\u00e1 vinculante. Tambi\u00e9n podr\u00e1 escuchar la opini\u00f3n de los hijos si lo considera oportuno o si lo piden el fiscal, las partes o los ni\u00f1os. Se proh\u00edbe la custodia compartida si existe violencia familiar. El mayor punto de controversia es que el juez podr\u00e1 concederla aunque no haya acuerdo entre los dos c\u00f3nyuges: si la solicita s\u00f3lo uno de ellos, el juez podr\u00e1 acordarla \u00abexcepcionalmente\u00bb tras analizar el del Ministerio Fiscal y un estudio de un equipo de especialistas.<\/li>\n<li><strong>Antes:<\/strong>\u00a0Estaba admitida pero sin regular.<\/li>\n<\/ul>\n<p><strong>Fondo de garant\u00eda de los impagos:<\/strong><\/p>\n<ul>\n<li><strong>Ahora:<\/strong>\u00a0Si un padre no paga el alimento de sus hijos menores, tal y como se acuerda en la resoluci\u00f3n de divorcio, el Estado se har\u00e1 cargo de los gastos. Este Fondo de garant\u00eda de pensiones \u2013una enmienda a la ley introducida por CiU- cubrir\u00e1 los impagos alimenticios y tambi\u00e9n las pensiones compensatorias impagadas por los c\u00f3nyuges.<\/li>\n<li><strong>Antes:<\/strong>\u00a0La morosidad del progenitor se puede perseguir por la v\u00eda civil o por la penal y la primera es la m\u00e1s frecuente. Esta situaci\u00f3n est\u00e1 regulada en la Ley de Enjuiciamiento Civil. Seg\u00fan las asociaciones de separados, las demandas por incumplimiento de pensiones de alimentos ascienden a un 80% cuando el padre tiene una profesi\u00f3n liberal, y al 68% cuando tiene n\u00f3mina.<\/li>\n<\/ul>\n<p><strong>Tareas compartidas:<\/strong><\/p>\n<ul>\n<li><strong>Ahora:<\/strong>\u00a0El PNV introdujo una enmienda que obliga a los c\u00f3nyuges a \u00abcompartir\u00bb las tareas dom\u00e9sticas. Las parejas que se casen \u00abdeber\u00e1n compartir las responsabilidades dom\u00e9sticas y el cuidado y atenci\u00f3n de ascendientes y descendientes y otras personas dependientes a su cargo\u00bb. No habr\u00e1 \u00abinspectores\u00bb en las parejas, pero no compartir las tareas podr\u00e1 ser relevante \u00abante situaciones de ruptura\u00bb.<\/li>\n<li><strong>Antes:<\/strong>\u00a0El art\u00edculo 68 del C\u00f3digo Civil establec\u00eda que los c\u00f3nyuges s\u00f3lo \u00abest\u00e1n obligados a vivir juntos, guardarse fidelidad y socorrerse mutuamente\u00bb.<\/li>\n<\/ul>\n<p>Fuente: 20minutos<\/p>\n","protected":false},"excerpt":{"rendered":"<p>Claves del &#8216;divorcio express&#8217; Un divorcio m\u00e1s r\u00e1pido y con menos costes es el objetivo de la reforma del divorcio que aprob\u00f3 ayer el Congreso. Entrar\u00e1 en vigor previsiblemente en julio. La ley que legaliz\u00f3 el divorcio fue aprobada en 1981 y \u00e9sta es su primera reforma. Desde entonces, se han presentado m\u00e1s de mill\u00f3n [&hellip;]<\/p>\n","protected":false},"author":1,"featured_media":0,"parent":0,"menu_order":0,"comment_status":"open","ping_status":"open","template":"","meta":{"_exactmetrics_skip_tracking":false,"_exactmetrics_sitenote_active":false,"_exactmetrics_sitenote_note":"","_exactmetrics_sitenote_category":0,"footnotes":""},"class_list":["post-47","page","type-page","status-publish","hentry"],"wppr_data":[],"yoast_head":"<!-- This site is optimized with the Yoast SEO plugin v24.0 - https:\/\/yoast.com\/wordpress\/plugins\/seo\/ -->\n<title>DIVORCIO EXPRESS - Alonso Sacristan<\/title>\n<meta name=\"robots\" content=\"index, follow, max-snippet:-1, max-image-preview:large, max-video-preview:-1\" \/>\n<link rel=\"canonical\" href=\"https:\/\/alonsosacristanabogado.com\/index.php\/divorcio-express\/\" \/>\n<meta property=\"og:locale\" content=\"es_ES\" \/>\n<meta property=\"og:type\" content=\"article\" \/>\n<meta property=\"og:title\" content=\"DIVORCIO EXPRESS - Alonso Sacristan\" \/>\n<meta property=\"og:description\" content=\"Claves del &#8216;divorcio express&#8217; Un divorcio m\u00e1s r\u00e1pido y con menos costes es el objetivo de la reforma del divorcio que aprob\u00f3 ayer el Congreso. Entrar\u00e1 en vigor previsiblemente en julio. La ley que legaliz\u00f3 el divorcio fue aprobada en 1981 y \u00e9sta es su primera reforma. Desde entonces, se han presentado m\u00e1s de mill\u00f3n [&hellip;]\" \/>\n<meta property=\"og:url\" content=\"https:\/\/alonsosacristanabogado.com\/index.php\/divorcio-express\/\" \/>\n<meta property=\"og:site_name\" content=\"Alonso Sacristan\" \/>\n<meta property=\"article:modified_time\" content=\"2020-03-21T11:55:37+00:00\" \/>\n<meta name=\"twitter:card\" content=\"summary_large_image\" \/>\n<meta name=\"twitter:label1\" content=\"Tiempo de lectura\" \/>\n\t<meta name=\"twitter:data1\" content=\"3 minutos\" \/>\n<script type=\"application\/ld+json\" class=\"yoast-schema-graph\">{\"@context\":\"https:\/\/schema.org\",\"@graph\":[{\"@type\":\"WebPage\",\"@id\":\"https:\/\/alonsosacristanabogado.com\/index.php\/divorcio-express\/\",\"url\":\"https:\/\/alonsosacristanabogado.com\/index.php\/divorcio-express\/\",\"name\":\"DIVORCIO EXPRESS - Alonso Sacristan\",\"isPartOf\":{\"@id\":\"https:\/\/alonsosacristanabogado.com\/#website\"},\"datePublished\":\"2018-04-15T17:33:07+00:00\",\"dateModified\":\"2020-03-21T11:55:37+00:00\",\"breadcrumb\":{\"@id\":\"https:\/\/alonsosacristanabogado.com\/index.php\/divorcio-express\/#breadcrumb\"},\"inLanguage\":\"es\",\"potentialAction\":[{\"@type\":\"ReadAction\",\"target\":[\"https:\/\/alonsosacristanabogado.com\/index.php\/divorcio-express\/\"]}]},{\"@type\":\"BreadcrumbList\",\"@id\":\"https:\/\/alonsosacristanabogado.com\/index.php\/divorcio-express\/#breadcrumb\",\"itemListElement\":[{\"@type\":\"ListItem\",\"position\":1,\"name\":\"Portada\",\"item\":\"https:\/\/alonsosacristanabogado.com\/\"},{\"@type\":\"ListItem\",\"position\":2,\"name\":\"DIVORCIO EXPRESS\"}]},{\"@type\":\"WebSite\",\"@id\":\"https:\/\/alonsosacristanabogado.com\/#website\",\"url\":\"https:\/\/alonsosacristanabogado.com\/\",\"name\":\"Alonso Sacristan\",\"description\":\"Abogados\",\"potentialAction\":[{\"@type\":\"SearchAction\",\"target\":{\"@type\":\"EntryPoint\",\"urlTemplate\":\"https:\/\/alonsosacristanabogado.com\/?s={search_term_string}\"},\"query-input\":{\"@type\":\"PropertyValueSpecification\",\"valueRequired\":true,\"valueName\":\"search_term_string\"}}],\"inLanguage\":\"es\"}]}<\/script>\n<!-- \/ Yoast SEO plugin. -->","yoast_head_json":{"title":"DIVORCIO EXPRESS - Alonso Sacristan","robots":{"index":"index","follow":"follow","max-snippet":"max-snippet:-1","max-image-preview":"max-image-preview:large","max-video-preview":"max-video-preview:-1"},"canonical":"https:\/\/alonsosacristanabogado.com\/index.php\/divorcio-express\/","og_locale":"es_ES","og_type":"article","og_title":"DIVORCIO EXPRESS - Alonso Sacristan","og_description":"Claves del &#8216;divorcio express&#8217; Un divorcio m\u00e1s r\u00e1pido y con menos costes es el objetivo de la reforma del divorcio que aprob\u00f3 ayer el Congreso. Entrar\u00e1 en vigor previsiblemente en julio. La ley que legaliz\u00f3 el divorcio fue aprobada en 1981 y \u00e9sta es su primera reforma. Desde entonces, se han presentado m\u00e1s de mill\u00f3n [&hellip;]","og_url":"https:\/\/alonsosacristanabogado.com\/index.php\/divorcio-express\/","og_site_name":"Alonso Sacristan","article_modified_time":"2020-03-21T11:55:37+00:00","twitter_card":"summary_large_image","twitter_misc":{"Tiempo de lectura":"3 minutos"},"schema":{"@context":"https:\/\/schema.org","@graph":[{"@type":"WebPage","@id":"https:\/\/alonsosacristanabogado.com\/index.php\/divorcio-express\/","url":"https:\/\/alonsosacristanabogado.com\/index.php\/divorcio-express\/","name":"DIVORCIO EXPRESS - Alonso Sacristan","isPartOf":{"@id":"https:\/\/alonsosacristanabogado.com\/#website"},"datePublished":"2018-04-15T17:33:07+00:00","dateModified":"2020-03-21T11:55:37+00:00","breadcrumb":{"@id":"https:\/\/alonsosacristanabogado.com\/index.php\/divorcio-express\/#breadcrumb"},"inLanguage":"es","potentialAction":[{"@type":"ReadAction","target":["https:\/\/alonsosacristanabogado.com\/index.php\/divorcio-express\/"]}]},{"@type":"BreadcrumbList","@id":"https:\/\/alonsosacristanabogado.com\/index.php\/divorcio-express\/#breadcrumb","itemListElement":[{"@type":"ListItem","position":1,"name":"Portada","item":"https:\/\/alonsosacristanabogado.com\/"},{"@type":"ListItem","position":2,"name":"DIVORCIO EXPRESS"}]},{"@type":"WebSite","@id":"https:\/\/alonsosacristanabogado.com\/#website","url":"https:\/\/alonsosacristanabogado.com\/","name":"Alonso Sacristan","description":"Abogados","potentialAction":[{"@type":"SearchAction","target":{"@type":"EntryPoint","urlTemplate":"https:\/\/alonsosacristanabogado.com\/?s={search_term_string}"},"query-input":{"@type":"PropertyValueSpecification","valueRequired":true,"valueName":"search_term_string"}}],"inLanguage":"es"}]}},"_links":{"self":[{"href":"https:\/\/alonsosacristanabogado.com\/index.php\/wp-json\/wp\/v2\/pages\/47","targetHints":{"allow":["GET"]}}],"collection":[{"href":"https:\/\/alonsosacristanabogado.com\/index.php\/wp-json\/wp\/v2\/pages"}],"about":[{"href":"https:\/\/alonsosacristanabogado.com\/index.php\/wp-json\/wp\/v2\/types\/page"}],"author":[{"embeddable":true,"href":"https:\/\/alonsosacristanabogado.com\/index.php\/wp-json\/wp\/v2\/users\/1"}],"replies":[{"embeddable":true,"href":"https:\/\/alonsosacristanabogado.com\/index.php\/wp-json\/wp\/v2\/comments?post=47"}],"version-history":[{"count":2,"href":"https:\/\/alonsosacristanabogado.com\/index.php\/wp-json\/wp\/v2\/pages\/47\/revisions"}],"predecessor-version":[{"id":285,"href":"https:\/\/alonsosacristanabogado.com\/index.php\/wp-json\/wp\/v2\/pages\/47\/revisions\/285"}],"wp:attachment":[{"href":"https:\/\/alonsosacristanabogado.com\/index.php\/wp-json\/wp\/v2\/media?parent=47"}],"curies":[{"name":"wp","href":"https:\/\/api.w.org\/{rel}","templated":true}]}}