{"id":16,"date":"2018-04-15T16:37:23","date_gmt":"2018-04-15T16:37:23","guid":{"rendered":"https:\/\/alonsosacristanabogado.com\/?page_id=16"},"modified":"2018-04-15T16:37:23","modified_gmt":"2018-04-15T16:37:23","slug":"presentacion","status":"publish","type":"page","link":"https:\/\/alonsosacristanabogado.com\/index.php\/presentacion\/","title":{"rendered":"PRESENTACION"},"content":{"rendered":"<h4 style=\"text-align: justify;\"><a href=\"https:\/\/alonsosacristanabogado.com\/wp-content\/uploads\/2018\/04\/1consulta-1.png\"><img loading=\"lazy\" decoding=\"async\" class=\"aligncenter wp-image-145\" src=\"https:\/\/alonsosacristanabogado.com\/wp-content\/uploads\/2018\/04\/1consulta-1-300x150.png\" alt=\"\" width=\"650\" height=\"325\" \/><\/a><\/h4>\n<h4><strong><em>1\u00aa CONSULTA GRATUITA<\/em><\/strong><\/h4>\n<h4><strong><em>SOLICITE UNA 1\u00aa CONSULTA GRATUITA EN LA QUE NUESTROS ABOGADOS VALORAR\u00c1N, ESTUDIAR\u00c1N Y RECOMENDAR\u00c1N LAS ACCIONES LEGALES M\u00c1S OPORTUNAS PARA UN MAYOR BENEFICIO PARA USTED.<\/em><\/strong><\/h4>\n<h4><\/h4>\n<h4 style=\"text-align: justify;\"><strong>Alonso &amp; Sacrist\u00e1n Abogados\u00a0<\/strong>es un despacho\u00a0de abogados multidisciplinar formado por profesionales muy cualificados y con amplia experiencia, que creemos en una\u00a0nueva forma de entender la abogac\u00eda: porque hablamos tu lenguaje; buscamos siempre la soluci\u00f3n m\u00e1s rentable para ti y la m\u00e1s c\u00f3moda, facilit\u00e1ndote la contrataci\u00f3n de los otros profesionales necesarios para conseguir tus objetivos.<\/h4>\n<h4 style=\"text-align: justify;\">Adem\u00e1s, trabajamos de forma honesta y r\u00e1pida; ofrecemos una respuesta inmediata y somos transparentes, competitivos y flexibles en cuanto a los honorarios y su pago.<\/h4>\n<h4 style=\"text-align: justify;\"><span style=\"text-decoration: underline;\"><strong>.-Flexibilidad:<\/strong><\/span>\u00a0Nuestra prioridad es servir las necesidades concretas de nuestro cliente. Nos adaptamos a los cambios que puedan sobrevenir en los objetivos o circunstancias de los asuntos. Moderamos nuestras tarifas y estudiamos las formas de pago a lo que mejor se adec\u00faa a tus posibilidades.<\/h4>\n<h4 style=\"text-align: justify;\"><span style=\"text-decoration: underline;\"><strong>.-Calidad:<\/strong><\/span> Buscamos la excelencia en el desempe\u00f1o de nuestro trabajo, somos muy exigentes con nosotros y estamos siempre en continuo proceso de mejora.<\/h4>\n<h4 style=\"text-align: justify;\"><strong><span style=\"text-decoration: underline;\">.-Eficacia:<\/span><\/strong> Damos la mejor soluci\u00f3n a los problemas y retos que preocupan a nuestros clientes. No damos una batalla por perdida nunca.<\/h4>\n<h4 style=\"text-align: justify;\"><span style=\"text-decoration: underline;\"><strong>.-Transparencia:<\/strong><\/span> Hablamos el mismo lenguaje que nuestros clientes. Queremos que nos entiendan cuando trabajamos para ellos. Quien nos contrata sabe de antemano lo que le va a costar el servicio y adem\u00e1s, puede acceder en cada momento a la informaci\u00f3n relativa al estado de tramitaci\u00f3n de su asunto.<\/h4>\n<h4 style=\"text-align: justify;\"><span style=\"text-decoration: underline;\"><strong>.-Rapidez:<\/strong><\/span> Nos comprometemos a prestar el servicio en los plazos m\u00e1s breves posibles, sin descuidar nunca la calidad.<\/h4>\n<h4 style=\"text-align: justify;\"><span style=\"text-decoration: underline;\"><strong>.-Cercan\u00eda:<\/strong><\/span> Somos un equipo de profesionales con la experiencia y empat\u00eda necesaria para entender los problemas e inquietudes de nuestros clientes. Adem\u00e1s del mejor servicio jur\u00eddico,\u00a0 de nosotros recibir\u00e1 el mejor trato personal<\/h4>\n<h4 style=\"text-align: justify;\">Queremos ser una firma de servicios jur\u00eddicos de primer nivel, con implantaci\u00f3n nacional, que sea reconocida por su car\u00e1cter innovador en la forma prestarlos,\u00a0 que destaque por su calidad, flexibilidad y accesibilidad a cualquiera que lo necesite.<\/h4>\n<h4 style=\"text-align: justify;\">Con esta nueva forma de entender la abogac\u00eda, ofreceremos soluciones\u00a0 comprensibles y eficaces a nuestros clientes,\u00a0 en el menor tiempo posible y al precio y forma de pago m\u00e1s adecuado a sus necesidades.<\/h4>\n","protected":false},"excerpt":{"rendered":"<p>1\u00aa CONSULTA GRATUITA SOLICITE UNA 1\u00aa CONSULTA GRATUITA EN LA QUE NUESTROS ABOGADOS VALORAR\u00c1N, ESTUDIAR\u00c1N Y RECOMENDAR\u00c1N LAS ACCIONES LEGALES M\u00c1S OPORTUNAS PARA UN MAYOR BENEFICIO PARA USTED. Alonso &amp; Sacrist\u00e1n Abogados\u00a0es un despacho\u00a0de abogados multidisciplinar formado por profesionales muy cualificados y con amplia experiencia, que creemos en una\u00a0nueva forma de entender la abogac\u00eda: porque [&hellip;]<\/p>\n","protected":false},"author":1,"featured_media":0,"parent":0,"menu_order":0,"comment_status":"open","ping_status":"open","template":"","meta":{"_exactmetrics_skip_tracking":false,"_exactmetrics_sitenote_active":false,"_exactmetrics_sitenote_note":"","_exactmetrics_sitenote_category":0,"footnotes":""},"class_list":["post-16","page","type-page","status-publish","hentry"],"wppr_data":[],"yoast_head":"<!-- This site is optimized with the Yoast SEO plugin v24.0 - https:\/\/yoast.com\/wordpress\/plugins\/seo\/ -->\n<title>PRESENTACION - Alonso Sacristan<\/title>\n<meta name=\"robots\" content=\"index, follow, max-snippet:-1, max-image-preview:large, max-video-preview:-1\" \/>\n<link rel=\"canonical\" href=\"https:\/\/alonsosacristanabogado.com\/index.php\/presentacion\/\" \/>\n<meta property=\"og:locale\" content=\"es_ES\" \/>\n<meta property=\"og:type\" content=\"article\" \/>\n<meta property=\"og:title\" content=\"PRESENTACION - Alonso Sacristan\" \/>\n<meta property=\"og:description\" content=\"1\u00aa CONSULTA GRATUITA SOLICITE UNA 1\u00aa CONSULTA GRATUITA EN LA QUE NUESTROS ABOGADOS VALORAR\u00c1N, ESTUDIAR\u00c1N Y RECOMENDAR\u00c1N LAS ACCIONES LEGALES M\u00c1S OPORTUNAS PARA UN MAYOR BENEFICIO PARA USTED. Alonso &amp; Sacrist\u00e1n Abogados\u00a0es un despacho\u00a0de abogados multidisciplinar formado por profesionales muy cualificados y con amplia experiencia, que creemos en una\u00a0nueva forma de entender la abogac\u00eda: porque [&hellip;]\" \/>\n<meta property=\"og:url\" content=\"https:\/\/alonsosacristanabogado.com\/index.php\/presentacion\/\" \/>\n<meta property=\"og:site_name\" content=\"Alonso Sacristan\" \/>\n<meta property=\"og:image\" content=\"https:\/\/alonsosacristanabogado.com\/wp-content\/uploads\/2018\/04\/1consulta-1-300x150.png\" \/>\n<meta name=\"twitter:card\" content=\"summary_large_image\" \/>\n<meta name=\"twitter:label1\" content=\"Tiempo de lectura\" \/>\n\t<meta name=\"twitter:data1\" content=\"2 minutos\" \/>\n<script type=\"application\/ld+json\" class=\"yoast-schema-graph\">{\"@context\":\"https:\/\/schema.org\",\"@graph\":[{\"@type\":\"WebPage\",\"@id\":\"https:\/\/alonsosacristanabogado.com\/index.php\/presentacion\/\",\"url\":\"https:\/\/alonsosacristanabogado.com\/index.php\/presentacion\/\",\"name\":\"PRESENTACION - Alonso Sacristan\",\"isPartOf\":{\"@id\":\"https:\/\/alonsosacristanabogado.com\/#website\"},\"primaryImageOfPage\":{\"@id\":\"https:\/\/alonsosacristanabogado.com\/index.php\/presentacion\/#primaryimage\"},\"image\":{\"@id\":\"https:\/\/alonsosacristanabogado.com\/index.php\/presentacion\/#primaryimage\"},\"thumbnailUrl\":\"https:\/\/alonsosacristanabogado.com\/wp-content\/uploads\/2018\/04\/1consulta-1-300x150.png\",\"datePublished\":\"2018-04-15T16:37:23+00:00\",\"dateModified\":\"2018-04-15T16:37:23+00:00\",\"breadcrumb\":{\"@id\":\"https:\/\/alonsosacristanabogado.com\/index.php\/presentacion\/#breadcrumb\"},\"inLanguage\":\"es\",\"potentialAction\":[{\"@type\":\"ReadAction\",\"target\":[\"https:\/\/alonsosacristanabogado.com\/index.php\/presentacion\/\"]}]},{\"@type\":\"ImageObject\",\"inLanguage\":\"es\",\"@id\":\"https:\/\/alonsosacristanabogado.com\/index.php\/presentacion\/#primaryimage\",\"url\":\"https:\/\/alonsosacristanabogado.com\/wp-content\/uploads\/2018\/04\/1consulta-1-300x150.png\",\"contentUrl\":\"https:\/\/alonsosacristanabogado.com\/wp-content\/uploads\/2018\/04\/1consulta-1-300x150.png\"},{\"@type\":\"BreadcrumbList\",\"@id\":\"https:\/\/alonsosacristanabogado.com\/index.php\/presentacion\/#breadcrumb\",\"itemListElement\":[{\"@type\":\"ListItem\",\"position\":1,\"name\":\"Portada\",\"item\":\"https:\/\/alonsosacristanabogado.com\/\"},{\"@type\":\"ListItem\",\"position\":2,\"name\":\"PRESENTACION\"}]},{\"@type\":\"WebSite\",\"@id\":\"https:\/\/alonsosacristanabogado.com\/#website\",\"url\":\"https:\/\/alonsosacristanabogado.com\/\",\"name\":\"Alonso Sacristan\",\"description\":\"Abogados\",\"potentialAction\":[{\"@type\":\"SearchAction\",\"target\":{\"@type\":\"EntryPoint\",\"urlTemplate\":\"https:\/\/alonsosacristanabogado.com\/?s={search_term_string}\"},\"query-input\":{\"@type\":\"PropertyValueSpecification\",\"valueRequired\":true,\"valueName\":\"search_term_string\"}}],\"inLanguage\":\"es\"}]}<\/script>\n<!-- \/ Yoast SEO plugin. -->","yoast_head_json":{"title":"PRESENTACION - Alonso Sacristan","robots":{"index":"index","follow":"follow","max-snippet":"max-snippet:-1","max-image-preview":"max-image-preview:large","max-video-preview":"max-video-preview:-1"},"canonical":"https:\/\/alonsosacristanabogado.com\/index.php\/presentacion\/","og_locale":"es_ES","og_type":"article","og_title":"PRESENTACION - Alonso Sacristan","og_description":"1\u00aa CONSULTA GRATUITA SOLICITE UNA 1\u00aa CONSULTA GRATUITA EN LA QUE NUESTROS ABOGADOS VALORAR\u00c1N, ESTUDIAR\u00c1N Y RECOMENDAR\u00c1N LAS ACCIONES LEGALES M\u00c1S OPORTUNAS PARA UN MAYOR BENEFICIO PARA USTED. Alonso &amp; Sacrist\u00e1n Abogados\u00a0es un despacho\u00a0de abogados multidisciplinar formado por profesionales muy cualificados y con amplia experiencia, que creemos en una\u00a0nueva forma de entender la abogac\u00eda: porque [&hellip;]","og_url":"https:\/\/alonsosacristanabogado.com\/index.php\/presentacion\/","og_site_name":"Alonso Sacristan","og_image":[{"url":"https:\/\/alonsosacristanabogado.com\/wp-content\/uploads\/2018\/04\/1consulta-1-300x150.png","type":"","width":"","height":""}],"twitter_card":"summary_large_image","twitter_misc":{"Tiempo de lectura":"2 minutos"},"schema":{"@context":"https:\/\/schema.org","@graph":[{"@type":"WebPage","@id":"https:\/\/alonsosacristanabogado.com\/index.php\/presentacion\/","url":"https:\/\/alonsosacristanabogado.com\/index.php\/presentacion\/","name":"PRESENTACION - Alonso Sacristan","isPartOf":{"@id":"https:\/\/alonsosacristanabogado.com\/#website"},"primaryImageOfPage":{"@id":"https:\/\/alonsosacristanabogado.com\/index.php\/presentacion\/#primaryimage"},"image":{"@id":"https:\/\/alonsosacristanabogado.com\/index.php\/presentacion\/#primaryimage"},"thumbnailUrl":"https:\/\/alonsosacristanabogado.com\/wp-content\/uploads\/2018\/04\/1consulta-1-300x150.png","datePublished":"2018-04-15T16:37:23+00:00","dateModified":"2018-04-15T16:37:23+00:00","breadcrumb":{"@id":"https:\/\/alonsosacristanabogado.com\/index.php\/presentacion\/#breadcrumb"},"inLanguage":"es","potentialAction":[{"@type":"ReadAction","target":["https:\/\/alonsosacristanabogado.com\/index.php\/presentacion\/"]}]},{"@type":"ImageObject","inLanguage":"es","@id":"https:\/\/alonsosacristanabogado.com\/index.php\/presentacion\/#primaryimage","url":"https:\/\/alonsosacristanabogado.com\/wp-content\/uploads\/2018\/04\/1consulta-1-300x150.png","contentUrl":"https:\/\/alonsosacristanabogado.com\/wp-content\/uploads\/2018\/04\/1consulta-1-300x150.png"},{"@type":"BreadcrumbList","@id":"https:\/\/alonsosacristanabogado.com\/index.php\/presentacion\/#breadcrumb","itemListElement":[{"@type":"ListItem","position":1,"name":"Portada","item":"https:\/\/alonsosacristanabogado.com\/"},{"@type":"ListItem","position":2,"name":"PRESENTACION"}]},{"@type":"WebSite","@id":"https:\/\/alonsosacristanabogado.com\/#website","url":"https:\/\/alonsosacristanabogado.com\/","name":"Alonso Sacristan","description":"Abogados","potentialAction":[{"@type":"SearchAction","target":{"@type":"EntryPoint","urlTemplate":"https:\/\/alonsosacristanabogado.com\/?s={search_term_string}"},"query-input":{"@type":"PropertyValueSpecification","valueRequired":true,"valueName":"search_term_string"}}],"inLanguage":"es"}]}},"_links":{"self":[{"href":"https:\/\/alonsosacristanabogado.com\/index.php\/wp-json\/wp\/v2\/pages\/16","targetHints":{"allow":["GET"]}}],"collection":[{"href":"https:\/\/alonsosacristanabogado.com\/index.php\/wp-json\/wp\/v2\/pages"}],"about":[{"href":"https:\/\/alonsosacristanabogado.com\/index.php\/wp-json\/wp\/v2\/types\/page"}],"author":[{"embeddable":true,"href":"https:\/\/alonsosacristanabogado.com\/index.php\/wp-json\/wp\/v2\/users\/1"}],"replies":[{"embeddable":true,"href":"https:\/\/alonsosacristanabogado.com\/index.php\/wp-json\/wp\/v2\/comments?post=16"}],"version-history":[{"count":0,"href":"https:\/\/alonsosacristanabogado.com\/index.php\/wp-json\/wp\/v2\/pages\/16\/revisions"}],"wp:attachment":[{"href":"https:\/\/alonsosacristanabogado.com\/index.php\/wp-json\/wp\/v2\/media?parent=16"}],"curies":[{"name":"wp","href":"https:\/\/api.w.org\/{rel}","templated":true}]}}